{"id":57,"date":"2015-06-01T15:05:33","date_gmt":"2015-06-01T13:05:33","guid":{"rendered":"http:\/\/deutsch.gustavsfors.info\/?page_id=57"},"modified":"2025-07-10T22:51:07","modified_gmt":"2025-07-10T20:51:07","slug":"bestimmungen","status":"publish","type":"page","link":"http:\/\/deutsch.gustavsfors.info\/?page_id=57","title":{"rendered":"Bestimmungen"},"content":{"rendered":"<div class='flex_column av-1k9ql-fa338745b85ae12656cc6c3aa393612c av_one_full  avia-builder-el-0  el_before_av_one_full  avia-builder-el-first  first flex_column_div '   ><style type=\"text\/css\" data-created_by=\"avia_inline_auto\" id=\"style-css-av-m8qde1lq-98e2caef7ae116fc865a05ba7ed111b7\">\n.avia-image-container.av-m8qde1lq-98e2caef7ae116fc865a05ba7ed111b7 .av-image-caption-overlay-center{\ncolor:#ffffff;\n}\n<\/style>\n<div  class='avia-image-container av-m8qde1lq-98e2caef7ae116fc865a05ba7ed111b7 av-styling- avia-align-center  avia-builder-el-1  avia-builder-el-no-sibling '  itemprop=\"image\" itemscope=\"itemscope\" itemtype=\"https:\/\/schema.org\/ImageObject\" ><div class=\"avia-image-container-inner\"><div class=\"avia-image-overlay-wrap\"><img class='wp-image-31 avia-img-lazy-loading-not-31 avia_image' src='http:\/\/media5.gustavsfors.info\/2015\/06\/2.png' alt='' title='2'  height=\"350\" width=\"960\"  itemprop=\"thumbnailUrl\"  \/><\/div><\/div><\/div><\/div>\n<div class='flex_column av-106wd-3e08a43213e0d42bc73138f53a023808 av_one_full  avia-builder-el-2  el_after_av_one_full  el_before_av_one_third  first flex_column_div column-top-margin'   ><section  class='av_textblock_section av-m8qdd9gw-0e5a92f90de4ce78eeb0969c8f8915aa'  itemscope=\"itemscope\" itemtype=\"https:\/\/schema.org\/CreativeWork\" ><div class='avia_textblock'  itemprop=\"text\" ><h2>Bestimmungen<\/h2>\n<\/div><\/section><\/div>\n<div class='flex_column av-b16f9-3aa4e56403f73ece8f053fda42529369 av_one_third  avia-builder-el-4  el_after_av_one_full  el_before_av_one_third  first flex_column_div column-top-margin'   ><div  class='av_promobox av-ahutl-aa026947ee78cdc34ad06583adde8565 avia-button-no  avia-builder-el-5  avia-builder-el-no-sibling '><div class='avia-promocontent'><p>\n<img loading=\"lazy\" decoding=\"async\" class=\"alignleft\" src=\"http:\/\/media6.gustavsfors.info\/2015\/06\/c1.png\" alt=\"1\" width=\"50\" height=\"50\" \/>Das Fischen in Helge \u00e5 (Zone B bis F im karte) ist in der Periode von dem 1 Apr bis 15 Okt zugelassen.<\/p>\n<\/div><\/div><\/div>\n<div class='flex_column av-9ozut-9576efdcae5529c1fcce49bbe6e2424f av_one_third  avia-builder-el-6  el_after_av_one_third  el_before_av_one_third  flex_column_div column-top-margin'   ><div  class='av_promobox av-98lqd-cf22bee81d296a90e90a9dd3fbf8f35e avia-button-no  avia-builder-el-7  avia-builder-el-no-sibling '><div class='avia-promocontent'><p>\n<img loading=\"lazy\" decoding=\"async\" class=\"alignleft\" src=\"http:\/\/media6.gustavsfors.info\/2015\/06\/c2.png\" alt=\"1\" width=\"50\" height=\"50\" \/>Die G\u00fcltigkeit der Angelkarte wird auf der Karte angegeben, das Tageslimit sind 2 Forellen f\u00fcr Tageskarte und 3-Tageskarte. Saisonskarte gilt au\u00dferdem ein Saisonslimit von 25 Forellen. Wenn das Tageslimit erreicht wird, muss das Fischen aufh\u00f6ren.<\/p>\n<\/div><\/div><\/div>\n<div class='flex_column av-8j1wh-fee5150cf91f9b64e5cb0f879581b801 av_one_third  avia-builder-el-8  el_after_av_one_third  el_before_av_one_third  flex_column_div column-top-margin'   ><div  class='av_promobox av-89k8h-addba6a7db4f92d57b7643969ef77206 avia-button-no  avia-builder-el-9  avia-builder-el-no-sibling '><div class='avia-promocontent'><p>\n<img loading=\"lazy\" decoding=\"async\" class=\"alignleft\" src=\"http:\/\/media6.gustavsfors.info\/2015\/06\/c3.png\" alt=\"1\" width=\"50\" height=\"50\" \/>\u00c4sche ist gesch\u00fctzt und m\u00fcssen immer zur\u00fcckgesetzt werden. Fischen nach Waller, der in Schweden gesch\u00fctzt ist, ist strengstens verboten. Unabsichtlich gefangene Waller m\u00fcssen immer zur\u00fcckgesetzt werden. Fische m\u00fcssen sofort und schonend zur\u00fcckgesetzt werden, wobei der Haken mit gr\u00f6\u00dfter Vorsicht zu entfernen ist, mit dem Fisch immer noch im Wasser.<\/p>\n<\/div><\/div><\/div>\n<div class='flex_column av-7i9wl-15d340b86947d0baf4fdf6b9758c9dc5 av_one_third  avia-builder-el-10  el_after_av_one_third  el_before_av_one_third  first flex_column_div column-top-margin'   ><div  class='av_promobox av-6o1k1-3b8c0cc27d861fda5e2ebd0796a1dfc2 avia-button-no  avia-builder-el-11  avia-builder-el-no-sibling '><div class='avia-promocontent'><p>\n<img loading=\"lazy\" decoding=\"async\" class=\"alignleft\" src=\"http:\/\/media6.gustavsfors.info\/2015\/06\/c4.png\" alt=\"1\" width=\"50\" height=\"50\" \/>Fischen ist im angezeigten Bereich bei Gustavsfors und Brokabygden verboten.<\/p>\n<\/div><\/div><\/div>\n<div class='flex_column av-60n49-8e446a9a0d3a52c2208c53d5801bb7cd av_one_third  avia-builder-el-12  el_after_av_one_third  el_before_av_one_third  flex_column_div column-top-margin'   ><div  class='av_promobox av-5k7wx-9fbbdc16207115f1447239bc990429bb avia-button-no  avia-builder-el-13  avia-builder-el-no-sibling '><div class='avia-promocontent'><p>\n<img loading=\"lazy\" decoding=\"async\" class=\"alignleft\" src=\"http:\/\/media6.gustavsfors.info\/2015\/06\/c5.png\" alt=\"1\" width=\"50\" height=\"50\" \/>In den Spinnfischerzonen ist nur Fischen mit K\u00f6dern wie Blinker, Spinner, Wobbler, Jigs und Spinnfliege erlaubt. Es darf weder mit Wurm, noch mit anderen Naturk\u00f6dern geangelt werden.<\/p>\n<\/div><\/div><\/div>\n<div class='flex_column av-55ffh-cb8ab1373df712d10837ca9aca586eaa av_one_third  avia-builder-el-14  el_after_av_one_third  el_before_av_one_third  flex_column_div column-top-margin'   ><div  class='av_promobox av-4es65-30c9bd7fea944059d42bb7c2f129c03d avia-button-no  avia-builder-el-15  avia-builder-el-no-sibling '><div class='avia-promocontent'><p>\n<img loading=\"lazy\" decoding=\"async\" class=\"alignleft\" src=\"http:\/\/media6.gustavsfors.info\/2015\/06\/c6.png\" alt=\"1\" width=\"50\" height=\"50\" \/>Alles Fischen vom Boot oder vom Kanu ist in Helge\u00e5n verboten (Zone B &#8211; F).<\/p>\n<\/div><\/div><\/div>\n<div class='flex_column av-3zfp9-a3140454af82436790c37ecb9a7b61c9 av_one_third  avia-builder-el-16  el_after_av_one_third  el_before_av_one_third  first flex_column_div column-top-margin'   ><div  class='av_promobox av-35dix-ac6c8b95f76d0011f64a7e4ce8b516b9 avia-button-no  avia-builder-el-17  avia-builder-el-no-sibling '><div class='avia-promocontent'><p>\n<img loading=\"lazy\" decoding=\"async\" class=\"alignleft\" src=\"http:\/\/media6.gustavsfors.info\/2015\/06\/c7.png\" alt=\"1\" width=\"50\" height=\"50\" \/>\u00dcbertretung der Bestimmungen, schliesst weiteres Fischen aus, und die Angelkarte ist nicht mehr g\u00fcltig.<\/p>\n<\/div><\/div><\/div>\n<div class='flex_column av-2mu0d-f356f68c06e14c38b197dae49e6fdc0e av_one_third  avia-builder-el-18  el_after_av_one_third  el_before_av_one_third  flex_column_div column-top-margin'   ><div  class='av_promobox av-1xpm1-81c09af299bc1cb254306ebc7f129a34 avia-button-no  avia-builder-el-19  avia-builder-el-no-sibling '><div class='avia-promocontent'><p>\n<img loading=\"lazy\" decoding=\"async\" class=\"alignleft\" src=\"http:\/\/media6.gustavsfors.info\/2015\/06\/c8.png\" alt=\"1\" width=\"50\" height=\"50\" \/>Das Fischen ohne g\u00fcltige Angelkarte wird bei der Polizei angezeigt und Fischereiausr\u00fcstung wird konfisziert.<\/p>\n<\/div><\/div><\/div>\n<div class='flex_column av-1eyj9-097acbba414fcbb4c925441d3f8c3f6f av_one_third  avia-builder-el-20  el_after_av_one_third  avia-builder-el-last  flex_column_div column-top-margin'   ><\/div>\n","protected":false},"excerpt":{"rendered":"","protected":false},"author":1,"featured_media":0,"parent":0,"menu_order":0,"comment_status":"closed","ping_status":"open","template":"","meta":{"footnotes":""},"class_list":["post-57","page","type-page","status-publish","hentry"],"_links":{"self":[{"href":"http:\/\/deutsch.gustavsfors.info\/index.php?rest_route=\/wp\/v2\/pages\/57","targetHints":{"allow":["GET"]}}],"collection":[{"href":"http:\/\/deutsch.gustavsfors.info\/index.php?rest_route=\/wp\/v2\/pages"}],"about":[{"href":"http:\/\/deutsch.gustavsfors.info\/index.php?rest_route=\/wp\/v2\/types\/page"}],"author":[{"embeddable":true,"href":"http:\/\/deutsch.gustavsfors.info\/index.php?rest_route=\/wp\/v2\/users\/1"}],"replies":[{"embeddable":true,"href":"http:\/\/deutsch.gustavsfors.info\/index.php?rest_route=%2Fwp%2Fv2%2Fcomments&post=57"}],"version-history":[{"count":18,"href":"http:\/\/deutsch.gustavsfors.info\/index.php?rest_route=\/wp\/v2\/pages\/57\/revisions"}],"predecessor-version":[{"id":224,"href":"http:\/\/deutsch.gustavsfors.info\/index.php?rest_route=\/wp\/v2\/pages\/57\/revisions\/224"}],"wp:attachment":[{"href":"http:\/\/deutsch.gustavsfors.info\/index.php?rest_route=%2Fwp%2Fv2%2Fmedia&parent=57"}],"curies":[{"name":"wp","href":"https:\/\/api.w.org\/{rel}","templated":true}]}}