{"id":59,"date":"2015-06-01T15:07:05","date_gmt":"2015-06-01T13:07:05","guid":{"rendered":"http:\/\/deutsch.gustavsfors.info\/?page_id=59"},"modified":"2025-03-26T22:24:21","modified_gmt":"2025-03-26T20:24:21","slug":"regelungen","status":"publish","type":"page","link":"http:\/\/deutsch.gustavsfors.info\/?page_id=59","title":{"rendered":"Regelungen"},"content":{"rendered":"<div class='flex_column av-av_one_full-a93934ecd89fbb8a9566d39e89cd3725 av_one_full  avia-builder-el-0  el_before_av_one_full  avia-builder-el-first  first flex_column_div '   ><style type=\"text\/css\" data-created_by=\"avia_inline_auto\" id=\"style-css-av-m8qdi0p9-7f2a7ff4722c93dcb1e6a41e8714c431\">\n.avia-image-container.av-m8qdi0p9-7f2a7ff4722c93dcb1e6a41e8714c431 .av-image-caption-overlay-center{\ncolor:#ffffff;\n}\n<\/style>\n<div  class='avia-image-container av-m8qdi0p9-7f2a7ff4722c93dcb1e6a41e8714c431 av-styling- avia-align-center  avia-builder-el-1  avia-builder-el-no-sibling '  itemprop=\"image\" itemscope=\"itemscope\" itemtype=\"https:\/\/schema.org\/ImageObject\" ><div class=\"avia-image-container-inner\"><div class=\"avia-image-overlay-wrap\"><img class='wp-image-27 avia-img-lazy-loading-not-27 avia_image' src='http:\/\/media5.gustavsfors.info\/2015\/06\/6.png' alt='' title='6'  height=\"350\" width=\"960\"  itemprop=\"thumbnailUrl\"  \/><\/div><\/div><\/div><\/div><div class='flex_column av-av_one_full-a93934ecd89fbb8a9566d39e89cd3725 av_one_full  avia-builder-el-2  el_after_av_one_full  el_before_av_one_fourth  first flex_column_div column-top-margin'   ><section  class='av_textblock_section av-m8qdh82e-355a69eecfb682f6de0d38b7b1ec8a5b'  itemscope=\"itemscope\" itemtype=\"https:\/\/schema.org\/CreativeWork\" ><div class='avia_textblock'  itemprop=\"text\" ><h2>Regelungen<\/h2>\n<\/div><\/section><\/div><div class='flex_column av-574un-f0d3fb56a70bcf58bc18f00954b23cf1 av_one_fourth  avia-builder-el-4  el_after_av_one_full  el_before_av_one_fourth  first flex_column_div column-top-margin'   ><section  class='av_textblock_section av-gnyv-c169eee5d99bd79976feaf6828cb5ab3'  itemscope=\"itemscope\" itemtype=\"https:\/\/schema.org\/CreativeWork\" ><div class='avia_textblock'  itemprop=\"text\" ><p><img loading=\"lazy\" decoding=\"async\" class=\"alignleft\" src=\"http:\/\/media6.gustavsfors.info\/2015\/06\/c1.png\" alt=\"1\" width=\"50\" height=\"50\" \/><\/p>\n<h3>Parken<\/h3>\n<p>Nur angezeigte Parkpl\u00e4tze d\u00fcrfen benutzt werden. Wohnwagen und Zelte m\u00fcssen Sj\u00f6stugans Campingplatz, \u00c4lmhult, verwenden.<\/p>\n<\/div><\/section><\/div><\/p>\n<div class='flex_column av-45p5z-620dc3afdccf3b2087b8bfe09146a175 av_one_fourth  avia-builder-el-6  el_after_av_one_fourth  el_before_av_one_fourth  flex_column_div column-top-margin'   ><section  class='av_textblock_section av-3hxub-afc9c6361e23b35bd34e93c9d90bb888'  itemscope=\"itemscope\" itemtype=\"https:\/\/schema.org\/CreativeWork\" ><div class='avia_textblock'  itemprop=\"text\" ><p><img loading=\"lazy\" decoding=\"async\" class=\"alignleft\" src=\"http:\/\/media6.gustavsfors.info\/2015\/06\/c2.png\" alt=\"1\" width=\"50\" height=\"50\" \/><\/p>\n<h3>Feuermachen<\/h3>\n<p>Feuer darf nur in den daf\u00fcr bereitgestellten Feuerpl\u00e4tzen an den Rastst\u00e4tten gemacht werden. Sonderbestimmungen der Kommune \u00fcber ein Totalverbot gegen Feuermachen gilt auch hier.<\/p>\n<\/div><\/section><\/div>\n<div class='flex_column av-a7sj-ebda90692b8c9ea9398e8a951b1f02ab av_one_fourth  avia-builder-el-8  el_after_av_one_fourth  el_before_av_one_fourth  flex_column_div column-top-margin'   ><section  class='av_textblock_section av-737r-ce00a8991d69cf76825fbb3e411f3164'  itemscope=\"itemscope\" itemtype=\"https:\/\/schema.org\/CreativeWork\" ><div class='avia_textblock'  itemprop=\"text\" ><p><img loading=\"lazy\" decoding=\"async\" class=\"alignleft\" src=\"http:\/\/media6.gustavsfors.info\/2015\/06\/c3.png\" alt=\"1\" width=\"50\" height=\"50\" \/><\/p>\n<h3>Sauber halten<\/h3>\n<p>Helfen Sie uns die Natur sauber zu halten! Bitte Benutzen Sie Toiletten und M\u00fclltonnen.<\/p>\n<\/div><\/section><\/div>\n<div class='flex_column av-1mojn-e6771beab2c4ec8451be2fe603ed6e9d av_one_fourth  avia-builder-el-10  el_after_av_one_fourth  avia-builder-el-last  flex_column_div column-top-margin'   ><section  class='av_textblock_section av-wy8f-caae6179abef56d1146113b8632f5b39'  itemscope=\"itemscope\" itemtype=\"https:\/\/schema.org\/CreativeWork\" ><div class='avia_textblock'  itemprop=\"text\" ><p><img loading=\"lazy\" decoding=\"async\" class=\"alignleft\" src=\"http:\/\/media6.gustavsfors.info\/2015\/06\/c4.png\" alt=\"1\" width=\"50\" height=\"50\" \/><\/p>\n<h3>Anderes<\/h3>\n<p>Vermeiden Sie, das Tierleben um den Fluss zu st\u00f6ren. Geben Sie auf die Flora acht. Respektieren Sie Verbote gegen das Fahren auf einzelnen Stra\u00dfen. Bitte informieren Sie sich \u00fcber die Rechte und Pflichten des Schwedischen Jedermannsrechts und st\u00f6ren Sie nicht die ans\u00e4ssige Bev\u00f6lkerung. Fahren Sie sorgf\u00e4ltig.<\/p>\n<\/div><\/section><\/div>\n","protected":false},"excerpt":{"rendered":"","protected":false},"author":1,"featured_media":0,"parent":0,"menu_order":0,"comment_status":"closed","ping_status":"open","template":"","meta":{"footnotes":""},"class_list":["post-59","page","type-page","status-publish","hentry"],"_links":{"self":[{"href":"http:\/\/deutsch.gustavsfors.info\/index.php?rest_route=\/wp\/v2\/pages\/59","targetHints":{"allow":["GET"]}}],"collection":[{"href":"http:\/\/deutsch.gustavsfors.info\/index.php?rest_route=\/wp\/v2\/pages"}],"about":[{"href":"http:\/\/deutsch.gustavsfors.info\/index.php?rest_route=\/wp\/v2\/types\/page"}],"author":[{"embeddable":true,"href":"http:\/\/deutsch.gustavsfors.info\/index.php?rest_route=\/wp\/v2\/users\/1"}],"replies":[{"embeddable":true,"href":"http:\/\/deutsch.gustavsfors.info\/index.php?rest_route=%2Fwp%2Fv2%2Fcomments&post=59"}],"version-history":[{"count":8,"href":"http:\/\/deutsch.gustavsfors.info\/index.php?rest_route=\/wp\/v2\/pages\/59\/revisions"}],"predecessor-version":[{"id":222,"href":"http:\/\/deutsch.gustavsfors.info\/index.php?rest_route=\/wp\/v2\/pages\/59\/revisions\/222"}],"wp:attachment":[{"href":"http:\/\/deutsch.gustavsfors.info\/index.php?rest_route=%2Fwp%2Fv2%2Fmedia&parent=59"}],"curies":[{"name":"wp","href":"https:\/\/api.w.org\/{rel}","templated":true}]}}